{"id":57661,"date":"2020-05-11T14:54:23","date_gmt":"2020-05-11T14:54:23","guid":{"rendered":"http:\/\/castle-vianden.lu\/?page_id=57661"},"modified":"2023-09-26T17:15:03","modified_gmt":"2023-09-26T17:15:03","slug":"besucherzentrum","status":"publish","type":"page","link":"https:\/\/castle-vianden.lu\/fr\/besucherzentrum\/","title":{"rendered":"Centre d&#8217;information"},"content":{"rendered":"<div class=\"wpb-content-wrapper\"><p>[vc_row][vc_column][vc_column_text]Dans la basse-cour du ch\u00e2teau de Vianden, le Service des sites et monuments nationaux a fait installer un Centre d\u2019information, qui h\u00e9berge une exposition permanente sur l\u2019histoire du site, son d\u00e9veloppement et les moult phases de construction et de d\u00e9construction du ch\u00e2teau. Les seigneurs de Vianden y ont leur place, de m\u00eame que les outils n\u00e9cessaires \u00e0 la cr\u00e9ation d\u2019un des plus impressionnants \u00e9difices de notre r\u00e9gion. Longue de dix stations, suspendue au-dessus de vestiges arch\u00e9ologiques et suivant l\u2019ancien chemin de ronde, le visiteur est men\u00e9 vers une grande projection audiovisuelle, point final de ce nouvel espace didactique.[\/vc_column_text][\/vc_column][\/vc_row][vc_row][vc_column][vc_empty_space][\/vc_column][\/vc_row][vc_row][vc_column]<div class=\"dt-shortcode with-isotope\"><div class=\"wf-container dt-albums-shortcode loading-effect-fade-in iso-container bg-under-post description-under-image content-align-centre hover-color-static\" data-padding=\"20px\" data-cur-page=\"1\" data-posts-per-page=\"-1\" data-width=\"370px\" data-columns=\"2\">\n<div class=\"wf-cell double-width iso-item\" data-post-id=\"57714\" data-date=\"2020-05-12T09:07:55+00:00\" data-name=\"Information Centre\">\n<article class=\"post post-57714 dt_gallery type-dt_gallery status-publish hentry dt_gallery_category-visitorcenter dt_gallery_category-197 media-wide bg-on text-centered\">\n\n\t<div class=\"project-list-media\">\n\t<figure class=\"buttons-on-img\">\n\t\t<a href=\"https:\/\/castle-vianden.lu\/wp-content\/uploads\/2020\/05\/Info_Center1-1-von-1-5-4-scaled.jpg\" class=\"rollover rollover-click-target dt-gallery-pswp layzr-bg\"   aria-label=\"Gallery image\" ><img fetchpriority=\"high\" decoding=\"async\" src=\"data:image\/svg+xml,%3Csvg%20xmlns%3D&#39;http%3A%2F%2Fwww.w3.org%2F2000%2Fsvg&#39;%20viewBox%3D&#39;0%200%201110%20740&#39;%2F%3E\" data-src=\"https:\/\/castle-vianden.lu\/wp-content\/uploads\/2020\/05\/Info_Center1-1-von-1-5-4-scaled-1110x740.jpg\" data-srcset=\"https:\/\/castle-vianden.lu\/wp-content\/uploads\/2020\/05\/Info_Center1-1-von-1-5-4-scaled-1110x740.jpg 1110w\" loading=\"eager\" style=\"--ratio: 1110 \/ 740\" sizes=\"(max-width: 1110px) 100vw, 1110px\" class=\"preload-me iso-lazy-load aspect\" alt=\"\"  width=\"1110\" height=\"740\"  \/><\/a><div class=\"dt-gallery-container dt-album\"><a href=\"https:\/\/castle-vianden.lu\/wp-content\/uploads\/2020\/05\/Info_Center1-1-von-1-5-4-scaled.jpg\" title=\"\" class=\"dt-pswp-item\" data-large_image_width=\"2560\" data-large_image_height = \"1707\" data-dt-img-description=\"\" data-dt-location=\"https:\/\/castle-vianden.lu\/fr\/info_center1-1-von-1-5-7\/\"  aria-label=\"Gallery image\"><\/a><a href=\"https:\/\/castle-vianden.lu\/wp-content\/uploads\/2020\/05\/info_center1-1-von-1-2-2.jpg\" title=\"\" class=\"dt-pswp-item\" data-large_image_width=\"1920\" data-large_image_height = \"1280\" data-dt-img-description=\"\" data-dt-location=\"https:\/\/castle-vianden.lu\/fr\/besucherzentrum\/info_center1-1-von-1-2-5\/\"  aria-label=\"Gallery image\"><\/a><a href=\"https:\/\/castle-vianden.lu\/wp-content\/uploads\/2020\/05\/info_center1-1-von-1-3.jpg\" title=\"\" class=\"dt-pswp-item\" data-large_image_width=\"1920\" data-large_image_height = \"1280\" data-dt-img-description=\"\" data-dt-location=\"https:\/\/castle-vianden.lu\/fr\/besucherzentrum\/info_center1-1-von-1-3\/\"  aria-label=\"Gallery image\"><\/a><a href=\"https:\/\/castle-vianden.lu\/wp-content\/uploads\/2020\/05\/info_center1-1-von-1-4.jpg\" title=\"\" class=\"dt-pswp-item\" data-large_image_width=\"1920\" data-large_image_height = \"1280\" data-dt-img-description=\"\" data-dt-location=\"https:\/\/castle-vianden.lu\/fr\/besucherzentrum\/info_center1-1-von-1-4\/\"  aria-label=\"Gallery image\"><\/a><a href=\"https:\/\/castle-vianden.lu\/wp-content\/uploads\/2020\/05\/info_center1-1-von-1-7.jpg\" title=\"\" class=\"dt-pswp-item\" data-large_image_width=\"1280\" data-large_image_height = \"1920\" data-dt-img-description=\"\" data-dt-location=\"https:\/\/castle-vianden.lu\/fr\/besucherzentrum\/info_center1-1-von-1-7\/\"  aria-label=\"Gallery image\"><\/a><a href=\"https:\/\/castle-vianden.lu\/wp-content\/uploads\/2020\/05\/info_center1-1-von-1-6.jpg\" title=\"\" class=\"dt-pswp-item\" data-large_image_width=\"1920\" data-large_image_height = \"1280\" data-dt-img-description=\"\" data-dt-location=\"https:\/\/castle-vianden.lu\/fr\/besucherzentrum\/info_center1-1-von-1-6\/\"  aria-label=\"Gallery image\"><\/a><a href=\"https:\/\/castle-vianden.lu\/wp-content\/uploads\/2020\/05\/info_center1-1-von-1-9.jpg\" title=\"\" class=\"dt-pswp-item\" data-large_image_width=\"1920\" data-large_image_height = \"1284\" data-dt-img-description=\"\" data-dt-location=\"https:\/\/castle-vianden.lu\/fr\/besucherzentrum\/info_center1-1-von-1-9\/\"  aria-label=\"Gallery image\"><\/a><a href=\"https:\/\/castle-vianden.lu\/wp-content\/uploads\/2020\/05\/info_center1-1-von-1-10-e1589218141753.jpg\" title=\"\" class=\"dt-pswp-item\" data-large_image_width=\"1500\" data-large_image_height = \"1000\" data-dt-img-description=\"\" data-dt-location=\"https:\/\/castle-vianden.lu\/fr\/besucherzentrum\/info_center1-1-von-1-10\/\"  aria-label=\"Gallery image\"><\/a><a href=\"https:\/\/castle-vianden.lu\/wp-content\/uploads\/2020\/05\/Header_Info_Center_1500x600.jpg\" title=\"\" class=\"dt-pswp-item\" data-large_image_width=\"1600\" data-large_image_height = \"600\" data-dt-img-description=\"\" data-dt-location=\"https:\/\/castle-vianden.lu\/fr\/besucherzentrum\/header_info_center_1500x600\/\"  aria-label=\"Gallery image\"><\/a><\/div>\t\t\t\t<figcaption class=\"rollover-content\">\n\t\t\t<span class=\"rollover-thumbnails\"><span class=\"r-thumbn-1\"><img decoding=\"async\" class=\"preload-me aspect\" src=\"https:\/\/castle-vianden.lu\/wp-content\/uploads\/2020\/05\/info_center1-1-von-1-3-150x150.jpg\" srcset=\"https:\/\/castle-vianden.lu\/wp-content\/uploads\/2020\/05\/info_center1-1-von-1-3-150x150.jpg 135w\" style=\"--ratio: 135 \/ 135\" sizes=\"(max-width: 135px) 100vw, 135px\" alt=\"\" width=\"90\" \/><i><\/i><\/span><span class=\"r-thumbn-2\"><img decoding=\"async\" class=\"preload-me aspect\" src=\"https:\/\/castle-vianden.lu\/wp-content\/uploads\/2020\/05\/info_center1-1-von-1-2-2-150x150.jpg\" srcset=\"https:\/\/castle-vianden.lu\/wp-content\/uploads\/2020\/05\/info_center1-1-von-1-2-2-150x150.jpg 135w\" style=\"--ratio: 135 \/ 135\" sizes=\"(max-width: 135px) 100vw, 135px\" alt=\"\" width=\"90\" \/><i><\/i><\/span><span class=\"r-thumbn-3\"><img decoding=\"async\" class=\"preload-me aspect\" src=\"https:\/\/castle-vianden.lu\/wp-content\/uploads\/2020\/05\/Info_Center1-1-von-1-5-4-150x150.jpg\" srcset=\"https:\/\/castle-vianden.lu\/wp-content\/uploads\/2020\/05\/Info_Center1-1-von-1-5-4-150x150.jpg 135w\" style=\"--ratio: 135 \/ 135\" sizes=\"(max-width: 135px) 100vw, 135px\" alt=\"\" width=\"90\" \/><i><\/i><\/span><\/span>\t\t<\/figcaption>\n\t\t\t<\/figure>\n<\/div>\n<div class=\"project-list-content\">\n\t<h3 class=\"entry-title\"><a href=\"https:\/\/castle-vianden.lu\/fr\/dt_gallery\/visitor-center\/\" title=\"Information Centre\" class=\"dt-trigger-first-pswp\">Information Centre<\/a><\/h3><\/div>\n<\/article>\n\n<\/div><\/div><\/div>[\/vc_column][\/vc_row]<\/p>\n<\/div>","protected":false},"excerpt":{"rendered":"<p>[vc_row][vc_column][vc_column_text]Dans la basse-cour du ch\u00e2teau de Vianden, le Service des sites et monuments nationaux a fait installer un Centre d\u2019information, qui h\u00e9berge une exposition permanente sur l\u2019histoire du site, son d\u00e9veloppement et les moult phases de construction et de d\u00e9construction du ch\u00e2teau. Les seigneurs de Vianden y ont leur place, de m\u00eame que les outils&hellip;<\/p>\n","protected":false},"author":1,"featured_media":0,"parent":0,"menu_order":0,"comment_status":"closed","ping_status":"closed","template":"","meta":{"footnotes":""},"class_list":["post-57661","page","type-page","status-publish","hentry","description-off"],"translation":{"provider":"WPGlobus","version":"3.0.0","language":"fr","enabled_languages":["de","fr","gb","nl"],"languages":{"de":{"title":true,"content":true,"excerpt":false},"fr":{"title":true,"content":true,"excerpt":false},"gb":{"title":true,"content":true,"excerpt":false},"nl":{"title":true,"content":true,"excerpt":false}}},"_links":{"self":[{"href":"https:\/\/castle-vianden.lu\/fr\/wp-json\/wp\/v2\/pages\/57661","targetHints":{"allow":["GET"]}}],"collection":[{"href":"https:\/\/castle-vianden.lu\/fr\/wp-json\/wp\/v2\/pages"}],"about":[{"href":"https:\/\/castle-vianden.lu\/fr\/wp-json\/wp\/v2\/types\/page"}],"author":[{"embeddable":true,"href":"https:\/\/castle-vianden.lu\/fr\/wp-json\/wp\/v2\/users\/1"}],"replies":[{"embeddable":true,"href":"https:\/\/castle-vianden.lu\/fr\/wp-json\/wp\/v2\/comments?post=57661"}],"version-history":[{"count":46,"href":"https:\/\/castle-vianden.lu\/fr\/wp-json\/wp\/v2\/pages\/57661\/revisions"}],"predecessor-version":[{"id":57756,"href":"https:\/\/castle-vianden.lu\/fr\/wp-json\/wp\/v2\/pages\/57661\/revisions\/57756"}],"wp:attachment":[{"href":"https:\/\/castle-vianden.lu\/fr\/wp-json\/wp\/v2\/media?parent=57661"}],"curies":[{"name":"wp","href":"https:\/\/api.w.org\/{rel}","templated":true}]}}