{"id":57764,"date":"2020-05-12T14:01:31","date_gmt":"2020-05-12T14:01:31","guid":{"rendered":"http:\/\/castle-vianden.lu\/?page_id=57764"},"modified":"2026-04-06T12:23:21","modified_gmt":"2026-04-06T12:23:21","slug":"besuch","status":"publish","type":"page","link":"https:\/\/castle-vianden.lu\/fr\/besuch\/","title":{"rendered":"Visiter le ch\u00e2teau"},"content":{"rendered":"<div class=\"wpb-content-wrapper\"><p>[vc_row][vc_column][vc_tta_accordion style=&#8221;outline&#8221; color=&#8221;black&#8221; active_section=&#8221;1&#8243; title=&#8221;Information&#8221;][vc_tta_section i_icon_fontawesome=&#8221;far fa-clock&#8221; add_icon=&#8221;true&#8221; title=&#8221;Heures d&#8217;ouvertures&#8221; tab_id=&#8221;1589462149518-08d3a8a2-7164&#8243;][vc_column_text]Le ch\u00e2teau de Vianden est ouvert tous les jours \u00e0 partir de 10 heures *. Une r\u00e9servation \u00e0 l&#8217;avance n&#8217;est pas n\u00e9cessaire.<\/p>\n<p>&nbsp;<\/p>\n<p>du 02.01 &#8211; 28.02 de 10.00 \u00e0 16.00 &#8211;&gt; Derni\u00e8re entr\u00e9e \u00e0 15.30<br \/>\ndu 01.03 &#8211; 31.03 de 10.00 \u00e0 17.00 &#8211;&gt; Derni\u00e8re entr\u00e9e \u00e0 16.30<br \/>\ndu 01.04 &#8211; 30.09 de 10.00 \u00e0 18.00 &#8211;&gt; Derni\u00e8re entr\u00e9e \u00e0 17.30<br \/>\ndu 01.10 &#8211; 31.10 de 10.00 \u00e0 17.00 &#8211;&gt; Derni\u00e8re entr\u00e9e \u00e0 16.30<br \/>\ndu 01.11 &#8211; 31.12 de 10.00 \u00e0 16.00 &#8211;&gt; Derni\u00e8re entr\u00e9e \u00e0 15.30<\/p>\n<p>* Attention le ch\u00e2teau est ferm\u00e9 : le 01.01, le 02.11 et le 25.12<\/p>\n<p><strong>Chers visiteurs, <\/strong><\/p>\n<p><strong>Nous vous souhaitons la bienvenue au ch\u00e2teau de Vianden ! Nous attirons votre attention sur le fait que les chiens ne sont malheureusement pas admis, par respect pour les lieux historiques. Nous vous remercions de votre compr\u00e9hension et esp\u00e9rons que vous appr\u00e9cierez tout de m\u00eame votre visite chez nous. Les environs du ch\u00e2teau de Vianden offrent de nombreuses possibilit\u00e9s de randonn\u00e9es.<\/strong><\/p>\n<p>[\/vc_column_text][\/vc_tta_section][vc_tta_section i_icon_fontawesome=&#8221;fas fa-euro-sign&#8221; add_icon=&#8221;true&#8221; title=&#8221;Prix d&#8217;entr\u00e9e&#8221; tab_id=&#8221;1589462149532-75592512-b0e1&#8243;][vc_column_text]DISPONIBLE \u00c0 LA CAISSE: AUDIOGUIDE POUR LE PORTABLE: 2 \u20ac<\/p>\n<p>(EN 11 LANGUES: FR, DE, ANG, NL, ES, IT, PT, RU, CH, JAP, KOR)<\/p>\n<p>* PRIX D&#8217;ENTR\u00c9E<\/p>\n<p>Adultes: 13 \u20ac*<\/p>\n<p>Etudiants (+13 ans) avec carte d&#8217;\u00e9tudiant: 7 \u20ac*<br \/>\nEnfants (6-12 ans): 4 \u20ac*<\/p>\n<p>* GROUPES MIN. 15 PERSONNES<br \/>\nAdultes: 11 \u20ac*<\/p>\n<p>Etudiants (+13 ans) avec carte d&#8217;\u00e9tudiant: 6 \u20ac*<br \/>\nEnfants (6-12 ans): 3,50 \u20ac*<\/p>\n<p>* PRIX D&#8217;ENTR\u00c9E AVEC VISITE GUID\u00c9E<br \/>\nAdultes: 11 \u20ac* par personne + guide 95 \u20ac (maximum 40 personnes)<\/p>\n<p>Etudiants (+13 ans): 6 \u20ac* par personne + paiement suppl\u00e9mentaire pour la visite guid\u00e9e 95 \u20ac (maximum 40 personnes)<br \/>\nEnfants (6-12 ans): 3,50 \u20ac* par personne + paiement suppl\u00e9mentaire pour la visite guid\u00e9e 95 \u20ac (maximum 40 personnes)<\/p>\n<p><strong>* Y compris 1 \u20ac taxe touristique pour la commune de Vianden.<\/strong><\/p>\n<p>Les cartes de cr\u00e9dit sont accept\u00e9es (\u00e0 partir de 10 Euros)<\/p>\n<p>VISA<\/p>\n<p>MASTERCARD<br \/>\nVPAY<br \/>\nMAESTRO<\/p>\n<p>Les visiteurs qui souhaitent b\u00e9n\u00e9ficier d&#8217;une visite guid\u00e9e doivent contacter l&#8217;administration du ch\u00e2teau par \u00e9crit: e-mail : <a href=\"mailto:caisse@castle-vianden.lu\">caisse@castle-vianden.lu<\/a><\/p>\n<p>Malheureusement, les visites guid\u00e9es ne sont pas possibles pendant le festival m\u00e9di\u00e9val.<\/p>\n<p>*Les prix d&#8217;entr\u00e9e sont valables toute l&#8217;ann\u00e9e sauf pour le Festival m\u00e9di\u00e9val (25.07. &#8211; 02.08.2026)[\/vc_column_text][\/vc_tta_section][vc_tta_section i_icon_fontawesome=&#8221;fas fa-map-marker-alt&#8221; add_icon=&#8221;true&#8221; title=&#8221;Accessibilit\u00e9&#8221; tab_id=&#8221;1589462618510-0b087b84-5a42&#8243;][vc_column_text]Comment se rendre au monument historique le plus visit\u00e9 du Luxembourg !<\/p>\n<p>Plus code : W6P3+23 Vianden<\/p>\n<p>Coordonn\u00e9es GPS : 49\u00b0 56&#8242; 6,126&#8243; N 6\u00b0 12&#8242; 9,799&#8243; E[\/vc_column_text][vc_empty_space][vc_column_text]<iframe loading=\"lazy\" style=\"border: 0;\" tabindex=\"0\" src=\"https:\/\/www.google.com\/maps\/embed?pb=!1m10!1m8!1m3!1d41097.71173608896!2d6.204243!3d49.924951!3m2!1i1024!2i768!4f13.1!5e0!3m2!1sde!2slu!4v1589293582598!5m2!1sde!2slu\" width=\"600\" height=\"450\" frameborder=\"0\" allowfullscreen=\"allowfullscreen\" aria-hidden=\"false\"><\/iframe>[\/vc_column_text][\/vc_tta_section][\/vc_tta_accordion][\/vc_column][\/vc_row][vc_row][vc_column][vc_empty_space][\/vc_column][\/vc_row][vc_row][vc_column][vc_single_image image=&#8221;57819&#8243; img_size=&#8221;large&#8221; style=&#8221;vc_box_outline&#8221; border_color=&#8221;orange&#8221; onclick=&#8221;img_link_large&#8221; img_link_target=&#8221;_blank&#8221; css_animation=&#8221;zoomIn&#8221; lazy_loading=&#8221;true&#8221;][vc_empty_space][vc_single_image image=&#8221;57818&#8243; img_size=&#8221;large&#8221; style=&#8221;vc_box_outline&#8221; border_color=&#8221;orange&#8221; onclick=&#8221;img_link_large&#8221; img_link_target=&#8221;_blank&#8221; css_animation=&#8221;zoomIn&#8221; lazy_loading=&#8221;true&#8221;][\/vc_column][\/vc_row]<\/p>\n<\/div>","protected":false},"excerpt":{"rendered":"<p>[vc_row][vc_column][vc_tta_accordion style=&#8221;outline&#8221; color=&#8221;black&#8221; active_section=&#8221;1&#8243; title=&#8221;Information&#8221;][vc_tta_section i_icon_fontawesome=&#8221;far fa-clock&#8221; add_icon=&#8221;true&#8221; title=&#8221;Heures d&#8217;ouvertures&#8221; tab_id=&#8221;1589462149518-08d3a8a2-7164&#8243;][vc_column_text]Le ch\u00e2teau de Vianden est ouvert tous les jours \u00e0 partir de 10 heures *. Une r\u00e9servation \u00e0 l&#8217;avance n&#8217;est pas n\u00e9cessaire. &nbsp; du 02.01 &#8211; 28.02 de 10.00 \u00e0 16.00 &#8211;&gt; Derni\u00e8re entr\u00e9e \u00e0 15.30 du 01.03 &#8211; 31.03 de 10.00 \u00e0 17.00 &#8211;&gt;&hellip;<\/p>\n","protected":false},"author":1,"featured_media":0,"parent":0,"menu_order":0,"comment_status":"closed","ping_status":"closed","template":"","meta":{"footnotes":""},"class_list":["post-57764","page","type-page","status-publish","hentry","description-off"],"translation":{"provider":"WPGlobus","version":"3.0.0","language":"fr","enabled_languages":["de","fr","gb","nl"],"languages":{"de":{"title":true,"content":true,"excerpt":false},"fr":{"title":true,"content":true,"excerpt":false},"gb":{"title":true,"content":true,"excerpt":false},"nl":{"title":true,"content":true,"excerpt":false}}},"_links":{"self":[{"href":"https:\/\/castle-vianden.lu\/fr\/wp-json\/wp\/v2\/pages\/57764","targetHints":{"allow":["GET"]}}],"collection":[{"href":"https:\/\/castle-vianden.lu\/fr\/wp-json\/wp\/v2\/pages"}],"about":[{"href":"https:\/\/castle-vianden.lu\/fr\/wp-json\/wp\/v2\/types\/page"}],"author":[{"embeddable":true,"href":"https:\/\/castle-vianden.lu\/fr\/wp-json\/wp\/v2\/users\/1"}],"replies":[{"embeddable":true,"href":"https:\/\/castle-vianden.lu\/fr\/wp-json\/wp\/v2\/comments?post=57764"}],"version-history":[{"count":185,"href":"https:\/\/castle-vianden.lu\/fr\/wp-json\/wp\/v2\/pages\/57764\/revisions"}],"predecessor-version":[{"id":60965,"href":"https:\/\/castle-vianden.lu\/fr\/wp-json\/wp\/v2\/pages\/57764\/revisions\/60965"}],"wp:attachment":[{"href":"https:\/\/castle-vianden.lu\/fr\/wp-json\/wp\/v2\/media?parent=57764"}],"curies":[{"name":"wp","href":"https:\/\/api.w.org\/{rel}","templated":true}]}}