{"id":57847,"date":"2020-05-18T10:39:45","date_gmt":"2020-05-18T10:39:45","guid":{"rendered":"http:\/\/castle-vianden.lu\/?page_id=57847"},"modified":"2026-03-17T12:25:55","modified_gmt":"2026-03-17T12:25:55","slug":"les-amis-du-chateau","status":"publish","type":"page","link":"https:\/\/castle-vianden.lu\/fr\/les-amis-du-chateau\/","title":{"rendered":"LES AMIS DU CH\u00c2TEAU"},"content":{"rendered":"<div class=\"wpb-content-wrapper\"><p>[vc_row][vc_column][vc_column_text]<\/p>\n<h3><\/h3>\n<div class=\"paragraph\">\n<p>Par arr\u00eat\u00e9 grand-ducal du 16 janvier 2017, l\u2019a.s.b.l. \u00ab Les Amis du Ch\u00e2teau de Vianden\u00bb a \u00e9t\u00e9 reconnue d\u2019utilit\u00e9 publique pouvant recevoir des dons en esp\u00e8ces d\u00e9ductibles du revenu imposable.<\/p>\n<p>LES AMIS DU CH\u00c2TEAU DE VIANDEN association sans but lucratif<br \/>\nSi\u00e8ge social: Ch\u00e2teau de Vianden 10, Mont\u00e9e du ch\u00e2teau L-9408 Vianden<br \/>\nR.C.S. Luxembourg F.6.685.<\/p>\n<p><b>Adresse postale<\/b>: Les Amis du Ch\u00e2teau de Vianden a.s.b.l. B.P. 26 L-9401 Vianden<br \/>\nT\u00e9l : (+352) 83 41 08-1 Fax : (+352) 84 92 84 E-mail : <a title=\"\" href=\"mailto:info@castle-vianden.lu\" target=\"_blank\" rel=\"noopener noreferrer\">info@castle-vianden.lu<\/a> \/ www.castle-vianden.lu<br \/>\nIBAN : LU89 0030 1556 1359 0000 Code BIC : BGLLLULL \/ No. TVA : LU 166601 82<\/p>\n<\/div>\n<p>[\/vc_column_text][vc_empty_space height=&#8221;40px&#8221;][\/vc_column][\/vc_row][vc_row][vc_column][vc_text_separator title=&#8221;COLL\u00c8GE DES CURATEURS&#8221; align=&#8221;align_left&#8221; color=&#8221;custom&#8221; accent_color=&#8221;#ff0000&#8243;][vc_empty_space height=&#8221;40px&#8221;][vc_column_text]<\/p>\n<div class=\"line\"><\/div>\n<div class=\"paragraph\">\n<p>Fonction: Le ch\u00e2teau de Vianden en tant que monument national est plac\u00e9 sous la protection d\u2019un coll\u00e8ge de curateurs qui se prononcera sur la restauration, l\u2019am\u00e9nagement et l\u2019utilisation de la propri\u00e9t\u00e9. Le Coll\u00e8ge est plac\u00e9 sous la haute pr\u00e9sidence de S.A.R. le Grand-Duc et se compose de repr\u00e9sentants de l\u2019Etat du Grand-Duch\u00e9 de Luxembourg, de la Maison Grand-Ducale et de la Ville de Vianden.<\/p>\n<p>COMPOSITION DU COLL\u00c8GE DES CURATEURS<\/p>\n<\/div>\n<div class=\"paragraph\">\n<ul>\n<li>S.A.R. le Grand-Duc Henri, Pr\u00e9sident<\/li>\n<li>M. Paul Lesch, Chambellan \/ Secr\u00e9taire<\/li>\n<li>M. Eric Thill, Ministre de la Culture<\/li>\n<li>M. Patrick Sanavia, Directeur de l&#8217;INPA<\/li>\n<li>M. Jean-Jacques List, Responsable du patrimoine f\u00e9odal<\/li>\n<li>Mad. Guida Biewer, Pr\u00e9sidente des \u00ab Amis du Ch\u00e2teau de Vianden \u00bb<\/li>\n<li>M. Fran\u00e7ois Weyrich, Bourgmestre de la Ville de Vianden<\/li>\n<\/ul>\n<\/div>\n<div><\/div>\n<p>[\/vc_column_text][vc_empty_space height=&#8221;40px&#8221;][vc_text_separator title=&#8221;CONSEIL D\u2019ADMINISTRATION&#8221; color=&#8221;custom&#8221; accent_color=&#8221;#ff0000&#8243;][vc_empty_space height=&#8221;40px&#8221;][vc_column_text]<\/p>\n<div class=\"line\"><\/div>\n<div class=\"paragraph\">\n<ul>\n<li>Tom Gantenbein, commissaire de gouvernement<\/li>\n<li>Guida Biewer, pr\u00e9sidente (membre \u00e9lue)<\/li>\n<li>Gaby Heger, vice-pr\u00e9sidente (membre \u00e9lue)<\/li>\n<li>Jo\u00e9 Nosbusch, vice-pr\u00e9sident (membre \u00e9lu)<\/li>\n<li>Jo\u00e9 Heintzen, tr\u00e9sorier (membre \u00e9lu)<\/li>\n<li>Pol Petry, (d\u00e9l\u00e9gu\u00e9 communal)<\/li>\n<li>Paul Lesch, (d\u00e9l\u00e9gu\u00e9 de la cour grand-ducale)<\/li>\n<li>Jean-Jacques List, (d\u00e9l\u00e9gu\u00e9 de l&#8217;Institut national pour le patrimoine architectural)<\/li>\n<li>Marc Schoellen, (d\u00e9l\u00e9gu\u00e9 du COPAC)<\/li>\n<li>Nico Walisch (membre \u00e9lu)<\/li>\n<li>Adela\u00efde Marques, (d\u00e9l\u00e9gu\u00e9e communale)<\/li>\n<li>Carlo Rodenbour, (d\u00e9l\u00e9gu\u00e9 de l\u2019Enregistrement)<\/li>\n<li>Sylvie Michaux-Hut, (membre \u00e9lue)<\/li>\n<li>Ed. Biewer, (membre \u00e9lu)<\/li>\n<li>Andr\u00e9 Duebbers, (membre \u00e9lu)<\/li>\n<li>Luis Soares, (minist\u00e8re de l&#8217;Economie, direction g\u00e9n\u00e9rale du tourisme, conseiller \u00e0 voix consultative)<\/li>\n<li>Francine Keiser, (repr\u00e9sentant de l&#8217;office r\u00e9gional du Tourisme, conseiller \u00e0 voix consultative)<\/li>\n<\/ul>\n<\/div>\n<div><\/div>\n<p>[\/vc_column_text][vc_empty_space height=&#8221;40px&#8221;][vc_text_separator title=&#8221;PERSONNEL&#8221; color=&#8221;custom&#8221; accent_color=&#8221;#ff0000&#8243;][vc_empty_space height=&#8221;40px&#8221;][vc_column_text css=&#8221;&#8221;]<\/p>\n<div class=\"line\"><\/div>\n<div class=\"paragraph\">\n<ul>\n<li>Jessica Ersfeld, chef du personnel: responsable de la g\u00e9rance journali\u00e8re, programme culturel, festival m\u00e9di\u00e9val, &#8230; : (+352) 834108-21 &#8211; <a title=\"\" href=\"mailto:info@castle-vianden.lu\" target=\"_blank\" rel=\"noopener noreferrer\">info@castle-vianden.lu<\/a><\/li>\n<li>Frank Leonardy, caissier: visites guid\u00e9es, statistiques, &#8230;<\/li>\n<li>Lydie Kohn, caissi\u00e8re: visites guid\u00e9es, &#8230;<\/li>\n<li>Lisa Leonardy, caissi\u00e8re: visites guid\u00e9es, &#8230;<\/li>\n<li>Christine Faust-Schlechter, caissi\u00e8re: visites guid\u00e9es, &#8230;<\/li>\n<li>Kamila Dabrowska, caissi\u00e8re: visites guid\u00e9es, &#8230;<\/li>\n<li>Christian Heuts, gardien:visites guid\u00e9es, entretien, expositions, &#8230;<\/li>\n<li>Mike Hut, gardien: visites guid\u00e9es, entretien, expositions, &#8230;<\/li>\n<li>Georges Greischer, gardien: visites guid\u00e9es, entretien, expositions, &#8230;<\/li>\n<li>Charel Ahles, gardien: visites guid\u00e9es, entretien, expositions, &#8230;<\/li>\n<li>Enis Turcinovic, shop<\/li>\n<li>Jessica Reuter, taverne<\/li>\n<li>Tessy Hansen, taverne<\/li>\n<li>Paula Cristine Carvalho Teixeira Gon\u00e7alves, taverne<\/li>\n<li>Marie Anny Razanatsoa, taverne<\/li>\n<li>Agnieszka Bzdyk, bureau, caissi\u00e8re, shop, taverne<\/li>\n<li>Fatima Magalhaes-Teixeira, femme de charge, cuisine festival m\u00e9di\u00e9val<\/li>\n<li>Fernanda Da Costa Rebelo, femme de charge, cuisine festival m\u00e9di\u00e9val<\/li>\n<li>C\u00e9lia Paradela, femme de charge, cuisine festival m\u00e9di\u00e9val<\/li>\n<li>Manuela Dos Santos Carvalho, femme de charge, cuisine festival m\u00e9di\u00e9val<\/li>\n<\/ul>\n<\/div>\n<a href=\"https:\/\/castle-vianden.lu\/wp-content\/uploads\/2025\/08\/Statuts-Amis-du-Chateau-de-Vianden-2025.pdf\" class=\"pdfemb-viewer\" style=\"\" data-width=\"max\" data-height=\"max\" data-toolbar=\"bottom\" data-toolbar-fixed=\"off\">Statuts Amis du Cha\u0302teau de Vianden 2025<\/a>\n<\/div>","protected":false},"excerpt":{"rendered":"<p>[vc_row][vc_column][vc_column_text] Par arr\u00eat\u00e9 grand-ducal du 16 janvier 2017, l\u2019a.s.b.l. \u00ab Les Amis du Ch\u00e2teau de Vianden\u00bb a \u00e9t\u00e9 reconnue d\u2019utilit\u00e9 publique pouvant recevoir des dons en esp\u00e8ces d\u00e9ductibles du revenu imposable. LES AMIS DU CH\u00c2TEAU DE VIANDEN association sans but lucratif Si\u00e8ge social: Ch\u00e2teau de Vianden 10, Mont\u00e9e du ch\u00e2teau L-9408 Vianden R.C.S. Luxembourg F.6.685.&hellip;<\/p>\n","protected":false},"author":1,"featured_media":0,"parent":0,"menu_order":0,"comment_status":"closed","ping_status":"closed","template":"","meta":{"footnotes":""},"class_list":["post-57847","page","type-page","status-publish","hentry","description-off"],"translation":{"provider":"WPGlobus","version":"3.0.0","language":"fr","enabled_languages":["de","fr","gb","nl"],"languages":{"de":{"title":true,"content":true,"excerpt":false},"fr":{"title":true,"content":true,"excerpt":false},"gb":{"title":true,"content":true,"excerpt":false},"nl":{"title":true,"content":true,"excerpt":false}}},"_links":{"self":[{"href":"https:\/\/castle-vianden.lu\/fr\/wp-json\/wp\/v2\/pages\/57847","targetHints":{"allow":["GET"]}}],"collection":[{"href":"https:\/\/castle-vianden.lu\/fr\/wp-json\/wp\/v2\/pages"}],"about":[{"href":"https:\/\/castle-vianden.lu\/fr\/wp-json\/wp\/v2\/types\/page"}],"author":[{"embeddable":true,"href":"https:\/\/castle-vianden.lu\/fr\/wp-json\/wp\/v2\/users\/1"}],"replies":[{"embeddable":true,"href":"https:\/\/castle-vianden.lu\/fr\/wp-json\/wp\/v2\/comments?post=57847"}],"version-history":[{"count":168,"href":"https:\/\/castle-vianden.lu\/fr\/wp-json\/wp\/v2\/pages\/57847\/revisions"}],"predecessor-version":[{"id":60938,"href":"https:\/\/castle-vianden.lu\/fr\/wp-json\/wp\/v2\/pages\/57847\/revisions\/60938"}],"wp:attachment":[{"href":"https:\/\/castle-vianden.lu\/fr\/wp-json\/wp\/v2\/media?parent=57847"}],"curies":[{"name":"wp","href":"https:\/\/api.w.org\/{rel}","templated":true}]}}