{"id":57877,"date":"2020-05-18T15:09:36","date_gmt":"2020-05-18T15:09:36","guid":{"rendered":"http:\/\/castle-vianden.lu\/?page_id=57877"},"modified":"2026-01-11T14:47:35","modified_gmt":"2026-01-11T14:47:35","slug":"lid-worden","status":"publish","type":"page","link":"https:\/\/castle-vianden.lu\/fr\/lid-worden\/","title":{"rendered":"DEVENIR MEMBRE"},"content":{"rendered":"<p>Afin de faciliter l&#8217;acc\u00e8s au ch\u00e2teau aux visiteurs membres, nous vous proposons un &#8220;LAISSER-PASSER&#8221; sous plusieurs formes d&#8217;adh\u00e9sion:<\/p>\n<p>&nbsp;<\/p>\n<ul>\n<li>a. Carte membre individuel &#8211; 15 \u20ac par personne<\/li>\n<li>b. Carte membre famille &#8211; 30 \u20ac (2 adultes et 2 enfants 6 \u00e012 ans )<\/li>\n<\/ul>\n<p>a\/b. Membres d&#8217;honneur:<\/p>\n<p>Visiter gratuitement le monument historique et les expositions temporaires.<\/p>\n<p>Recevoir gratuitement et \u00e0 domicile le programme culturel.<\/p>\n<p>B\u00e9n\u00e9ficiez de tarifs d&#8217;entr\u00e9e r\u00e9duits pour les concerts et les spectacles.<\/p>\n<hr \/>\n<ul>\n<li>c.Carte de membre actif &#8211; 30 \u20ac par personne.\u00a0 \u00a0 B\u00e9n\u00e9ficiez des m\u00eames avantages que les membres honoraires, invitation aux assembl\u00e9es g\u00e9n\u00e9rales, droit de vote.<br \/>\nDemande \u00e9crite d&#8217;adh\u00e9sion active au conseil d&#8217;administration des Amis du Ch\u00e2teau de Vianden : info@castle-vianden.lu<\/li>\n<\/ul>\n<hr \/>\n<ul>\n<li>d. Carte de membre donateur &#8211; minimum 50 \u20ac. Personne physique ou morale.B\u00e9n\u00e9ficiez des m\u00eames avantages que les membres honoraires. B\u00e9n\u00e9ficiez d&#8217;invitations personnalis\u00e9es aux vernissages et inaugurations.<\/li>\n<\/ul>\n<p>Etre cit\u00e9 sur notre site internet <a title=\"\" href=\"http:\/\/www.castle-vianden.lu\/\" target=\"_blank\" rel=\"noopener noreferrer\">www.castle-vianden.lu<\/a><\/p>\n<p>&nbsp;<\/p>\n<p>Le &#8220;LAISSER-PASSER&#8221; est valable pour l&#8217;ann\u00e9e encours, date de l&#8217;adh\u00e9sion.<\/p>\n<p>Pour payer la cotisation de votre choix (a, b, c ou d), vous pouvez virer la somme sur notre compte BGL: LU89 0030 1556 1359 0000 tout en mentionnant &#8220;cotisation a, b, c ou d&#8221;.<\/p>\n<p>Tout montant suppl\u00e9mentaire que vous avez la gentillesse de nous envoyer est consid\u00e9r\u00e9 comme un don d\u00e9ductible des imp\u00f4ts.<\/p>\n<p>&nbsp;<\/p>\n","protected":false},"excerpt":{"rendered":"<p>Afin de faciliter l&#8217;acc\u00e8s au ch\u00e2teau aux visiteurs membres, nous vous proposons un &#8220;LAISSER-PASSER&#8221; sous plusieurs formes d&#8217;adh\u00e9sion: &nbsp; a. Carte membre individuel &#8211; 15 \u20ac par personne b. Carte membre famille &#8211; 30 \u20ac (2 adultes et 2 enfants 6 \u00e012 ans ) a\/b. Membres d&#8217;honneur: Visiter gratuitement le monument historique et les expositions&hellip;<\/p>\n","protected":false},"author":1,"featured_media":0,"parent":0,"menu_order":0,"comment_status":"closed","ping_status":"closed","template":"","meta":{"footnotes":""},"class_list":["post-57877","page","type-page","status-publish","hentry","description-off"],"translation":{"provider":"WPGlobus","version":"3.0.0","language":"fr","enabled_languages":["de","fr","gb","nl"],"languages":{"de":{"title":true,"content":true,"excerpt":false},"fr":{"title":true,"content":true,"excerpt":false},"gb":{"title":true,"content":true,"excerpt":false},"nl":{"title":true,"content":true,"excerpt":false}}},"_links":{"self":[{"href":"https:\/\/castle-vianden.lu\/fr\/wp-json\/wp\/v2\/pages\/57877","targetHints":{"allow":["GET"]}}],"collection":[{"href":"https:\/\/castle-vianden.lu\/fr\/wp-json\/wp\/v2\/pages"}],"about":[{"href":"https:\/\/castle-vianden.lu\/fr\/wp-json\/wp\/v2\/types\/page"}],"author":[{"embeddable":true,"href":"https:\/\/castle-vianden.lu\/fr\/wp-json\/wp\/v2\/users\/1"}],"replies":[{"embeddable":true,"href":"https:\/\/castle-vianden.lu\/fr\/wp-json\/wp\/v2\/comments?post=57877"}],"version-history":[{"count":31,"href":"https:\/\/castle-vianden.lu\/fr\/wp-json\/wp\/v2\/pages\/57877\/revisions"}],"predecessor-version":[{"id":60904,"href":"https:\/\/castle-vianden.lu\/fr\/wp-json\/wp\/v2\/pages\/57877\/revisions\/60904"}],"wp:attachment":[{"href":"https:\/\/castle-vianden.lu\/fr\/wp-json\/wp\/v2\/media?parent=57877"}],"curies":[{"name":"wp","href":"https:\/\/api.w.org\/{rel}","templated":true}]}}