{"id":58109,"date":"2020-05-26T09:18:32","date_gmt":"2020-05-26T09:18:32","guid":{"rendered":"http:\/\/castle-vianden.lu\/?page_id=58109"},"modified":"2024-09-04T14:16:18","modified_gmt":"2024-09-04T14:16:18","slug":"mieten","status":"publish","type":"page","link":"https:\/\/castle-vianden.lu\/fr\/mieten\/","title":{"rendered":"Location"},"content":{"rendered":"<p>Le ch\u00e2teau de Vianden vous offre un cadre unique pour vos \u00e9v\u00e9nements. C\u00e9l\u00e9brez chez nous une f\u00eate qui allie l&#8217;exceptionnel, la culture et le divertissement. Dans la grande salle des f\u00eates ou dans la salle des chevaliers, vous pouvez faire la f\u00eate avec 40 \u00e0 220 personnes dans nos salles.<\/p>\n<p>Pour les photos souvenir, les salles et l&#8217;espace ext\u00e9rieur sont parfaitement adapt\u00e9s.<\/p>\n","protected":false},"excerpt":{"rendered":"<p>Le ch\u00e2teau de Vianden vous offre un cadre unique pour vos \u00e9v\u00e9nements. C\u00e9l\u00e9brez chez nous une f\u00eate qui allie l&#8217;exceptionnel, la culture et le divertissement. Dans la grande salle des f\u00eates ou dans la salle des chevaliers, vous pouvez faire la f\u00eate avec 40 \u00e0 220 personnes dans nos salles. Pour les photos souvenir, les&hellip;<\/p>\n","protected":false},"author":1,"featured_media":0,"parent":0,"menu_order":0,"comment_status":"closed","ping_status":"closed","template":"","meta":{"footnotes":""},"class_list":["post-58109","page","type-page","status-publish","hentry","description-off"],"translation":{"provider":"WPGlobus","version":"3.0.0","language":"fr","enabled_languages":["de","fr","gb","nl"],"languages":{"de":{"title":true,"content":true,"excerpt":false},"fr":{"title":true,"content":true,"excerpt":false},"gb":{"title":true,"content":true,"excerpt":false},"nl":{"title":true,"content":true,"excerpt":false}}},"_links":{"self":[{"href":"https:\/\/castle-vianden.lu\/fr\/wp-json\/wp\/v2\/pages\/58109","targetHints":{"allow":["GET"]}}],"collection":[{"href":"https:\/\/castle-vianden.lu\/fr\/wp-json\/wp\/v2\/pages"}],"about":[{"href":"https:\/\/castle-vianden.lu\/fr\/wp-json\/wp\/v2\/types\/page"}],"author":[{"embeddable":true,"href":"https:\/\/castle-vianden.lu\/fr\/wp-json\/wp\/v2\/users\/1"}],"replies":[{"embeddable":true,"href":"https:\/\/castle-vianden.lu\/fr\/wp-json\/wp\/v2\/comments?post=58109"}],"version-history":[{"count":42,"href":"https:\/\/castle-vianden.lu\/fr\/wp-json\/wp\/v2\/pages\/58109\/revisions"}],"predecessor-version":[{"id":60117,"href":"https:\/\/castle-vianden.lu\/fr\/wp-json\/wp\/v2\/pages\/58109\/revisions\/60117"}],"wp:attachment":[{"href":"https:\/\/castle-vianden.lu\/fr\/wp-json\/wp\/v2\/media?parent=58109"}],"curies":[{"name":"wp","href":"https:\/\/api.w.org\/{rel}","templated":true}]}}