{"id":58063,"date":"2020-05-25T14:18:32","date_gmt":"2020-05-25T14:18:32","guid":{"rendered":"http:\/\/castle-vianden.lu\/?page_id=58063"},"modified":"2020-06-02T14:26:36","modified_gmt":"2020-06-02T14:26:36","slug":"cookie-richtlinien","status":"publish","type":"page","link":"https:\/\/castle-vianden.lu\/nl\/cookie-richtlinien\/","title":{"rendered":"CONFIDENTIALITEITSPOLITIEK"},"content":{"rendered":"<h3>POLITIQUE DE CONFIDENTIALIT\u00c9<\/h3>\n<p>Nous prenons tr\u00e8s au s\u00e9rieux le respect de votre vie priv\u00e9e et la confidentialit\u00e9 des donn\u00e9es que nous sommes amen\u00e9s \u00e0 traiter dans le cadre de notre activit\u00e9.<\/p>\n<p>Notre politique de confidentialit\u00e9 s\u2019applique aux visiteurs de notre site internet <a href=\"https:\/\/castle-vianden.lu\">www.castle-vianden.lu<\/a><\/p>\n<h3>Responsable du traitement des donn\u00e9es<\/h3>\n<p>Le responsable du traitement des donn\u00e9es, d\u00e9signe l\u2019entit\u00e9 qui est responsable de la fa\u00e7on dont les donn\u00e9es \u00e0 caract\u00e8re personnel sont et seront trait\u00e9es, transmises et conserv\u00e9es.<\/p>\n<p>L\u2019\u00e9diteur du site internet agit aussi en tant que responsable des traitements :<\/p>\n<p>Les Amis du Ch\u00e2teau de Vianden ASBL<br \/>\nB.P. 26<br \/>\nL-9401 Vianden<\/p>\n<p>N\u00b0 Registre de Commerce et des Soci\u00e9t\u00e9s: non renseign\u00e9<br \/>\nN\u00b0 TVA intracommunautaire: non renseign\u00e9<\/p>\n<p>Le responsable du traitement des donn\u00e9es peut \u00eatre contact\u00e9 par t\u00e9l\u00e9phone au (+352) 83 41 08-1 ou par email: <a href=\"mailto:info@castle-vianden.lu\">info@castle-vianden.lu<\/a><\/p>\n<h3>Donn\u00e9es personnelles collect\u00e9es<\/h3>\n<h3>Donn\u00e9es techniques<\/h3>\n<p>Lorsque vous naviguez sur notre site internet, nous pouvons traiter certaines donn\u00e9es de nature technique :<\/p>\n<ul>\n<li>type et version du navigateur et r\u00e9solution d\u2019\u00e9cran<\/li>\n<li>syst\u00e8me d&#8217;op\u00e9ration et type de terminal (ordinateur, mobile, tablette)<\/li>\n<li>statistiques de session<\/li>\n<li>flux de navigation et clics<\/li>\n<li>adresse IP<\/li>\n<\/ul>\n<p>Ces donn\u00e9es sont stock\u00e9es de mani\u00e8re anonyme et ne permettent pas de vous identifier.<\/p>\n<h3>Obtention de vos donn\u00e9es personnelles<\/h3>\n<p>Nous recueillons des donn\u00e9es personnelles que vous nous communiquez volontairement en vous abonnant par exemple \u00e0 notre newsletter, en remplissant les formulaires de contact et en nous envoyant un courriel.<\/p>\n<p>Nous collectons aussi des donn\u00e9es \u00e0 partir de votre utilisation du site internet et de ses services lorsque vous visitez des pages web et remplissez des formulaires.<\/p>\n<h3>Utilisation de vos donn\u00e9es personnelles<\/h3>\n<p>Un cookie est un fichier texte de petite taille d\u00e9pos\u00e9 sur le terminal (ordinateur, mobile tablette) lors de votre visite d\u2019un site internet. Ce cookie permet d\u2019identifier le terminal lors de chaque visite du site internet pendant la dur\u00e9e de validit\u00e9 du cookie.<\/p>\n<p>Nous utilisons plusieurs types de cookies :<\/p>\n<h3>Cookies n\u00e9cessaires<\/h3>\n<p>Ce genre de cookies est indispensable pour la navigation du site internet. Si ces cookies sont bloqu\u00e9s par le navigateur, vous risquez de ne plus pouvoir profiter de certaines fonctionnalit\u00e9s du site. Ces cookies sont envoy\u00e9s exclusivement par notre site internet.<\/p>\n<h3>Cookies de pr\u00e9f\u00e9rence<\/h3>\n<p>Ces cookies permettent d\u2019am\u00e9liorer et d\u2019optimiser le fonctionnement du site internet en vous proposant des fonctionnalit\u00e9s personnalis\u00e9es (ex.: pr\u00e9f\u00e9rence de la langue affich\u00e9e). Si ces cookies sont bloqu\u00e9s par le navigateur, vous ne pouvez plus profiter des fonctionnalit\u00e9s personnalis\u00e9es. Ces cookies sont envoy\u00e9s par notre site internet et par des tierces parties.<\/p>\n<p>Veuillez s.v.p. vous r\u00e9f\u00e9rer au sous-traitants en bas de cette page pour savoir quels types de cookies sont envoy\u00e9s par des tierces parties.<\/p>\n<h3>Cookies analytiques<\/h3>\n<p>Ces cookies nous permettent de cr\u00e9er des statistiques d\u2019utilisation de notre site internet. Ces donn\u00e9es sont indispensables pour am\u00e9liorer notre site internet. Nous partons du principe que nous avons un int\u00e9r\u00eat l\u00e9gitime d\u2019envoyer des cookies analytiques et que votre consentement pr\u00e9alable n\u2019est pas requis.<\/p>\n<h3>Opposition au cookies<\/h3>\n<p>Notre fournisseur met \u00e0 disposition des solutions de type \u201copt-out\u201d qui permettent de bloquer le tracking de leurs services:<\/p>\n<ul>\n<li><a href=\"https:\/\/tools.google.com\/dlpage\/gaoptout\" target=\"_blank\" rel=\"noopener noreferrer\">Google Analytics<\/a><\/li>\n<\/ul>\n<p>La plupart des navigateurs internet peuvent \u00eatre configur\u00e9s \u00a0afin d\u2019avertir les utilisateurs des tentatives de mise en place de cookies ou pour limiter le type de cookie qu&#8217;ils acceptent. Veuillez-vous reporter \u00e0 la rubrique d\u2019aide de votre navigateur afin de savoir quelles options votre navigateur propose.<\/p>\n<h3>Bases l\u00e9gales<\/h3>\n<p>Nous collectons des donn\u00e9es \u00e0 caract\u00e8re personnel sur les bases suivantes:<\/p>\n<ul>\n<li>Pour la pr\u00e9paration et l\u2019ex\u00e9cution du contrat de services<\/li>\n<li>Pour l\u2019adaptation et l\u2019am\u00e9lioration de notre offre<\/li>\n<li>Pour \u00eatre conforme aux obligation l\u00e9gales<\/li>\n<li>Pour notre int\u00e9r\u00eat l\u00e9gitime<\/li>\n<li>Pour d\u00e9fendre nos int\u00e9r\u00eats dans le cadre de proc\u00e9dure judiciaires<\/li>\n<li>Pour des fins commerciales si nous avons re\u00e7u votre consentement<\/li>\n<\/ul>\n<h3>Dur\u00e9e de stockage de vos donn\u00e9es personnelles<\/h3>\n<p>Nous ne conservons les donn\u00e9es personnelles pas plus longtemps que n\u00e9cessaire pour permettre d\u2019atteindre les objectifs sp\u00e9cifiques pour lesquels les informations ont \u00e9t\u00e9 recueillies.<\/p>\n<p>Les donn\u00e9es \u00e0 caract\u00e8re personnel sont conserv\u00e9es pour une dur\u00e9e appropri\u00e9e pour chaque type de donn\u00e9es. Ces p\u00e9riodes de conservation peuvent varier selon la finalit\u00e9 de la collecte des donn\u00e9es:<\/p>\n<ul>\n<li>obligations de conservation l\u00e9gales et contractuelles<\/li>\n<li>des d\u00e9lais de prescription au cours desquels les personnes concern\u00e9es peuvent faire valoir leurs droits en justice \u00e0 l\u2019encontre de notre organisation<\/li>\n<li>des bonnes pratiques<\/li>\n<li>des objectifs commerciaux de notre organisation<\/li>\n<\/ul>\n<p>La \u00a0dur\u00e9e maximale de conservation des donn\u00e9es personnelles est de 10 ans.<\/p>\n<h3>Protection de vos donn\u00e9es personnelles<\/h3>\n<p>Nous utilisons diverses mesures techniques et organisationnelles pour prot\u00e9ger vos donn\u00e9es personnelles contre toute divulgation \u00e0 des personnes non autoris\u00e9es.<\/p>\n<h3>Partage avec des tiers et pays de stockage de vos donn\u00e9es personnelles<\/h3>\n<p>Nous pouvons partager les donn\u00e9es en interne pour des raisons organisationnelles et avec diff\u00e9rents prestataires selon les dispositions contractuelles en vigueur avec eux.<\/p>\n<p>Certaines donn\u00e9es personnelles sont transf\u00e9r\u00e9es \u00e0 des sous-traitants dans le cadre de contrats de sous-traitance. Les sous-traitants ont confirm\u00e9s en date du 25.05.2018 de traiter les donn\u00e9es qui leur sont confi\u00e9es conform\u00e9ment au RGPD (r\u00e8glement g\u00e9n\u00e9ral sur la protection des donn\u00e9es).<\/p>\n<div class=\"table-responsive\">\n<table border=\"0\" cellspacing=\"1\" cellpadding=\"1\">\n<thead><\/thead>\n<tbody>\n<tr>\n<td><a href=\"https:\/\/www.facebook.com\/policy.php\" target=\"_blank\" rel=\"noopener noreferrer\">Facebook Ireland Ltd.<\/a><br \/>\n4 Grand Canal Square<br \/>\nGrand Canal Harbour<br \/>\nDublin 2<br \/>\n\u200bIreland<\/td>\n<td>Pays membres de l\u2019Union<br \/>\nEurop\u00e9enne &amp; USA<\/td>\n<td>M\u00e9dia social<\/td>\n<td>COOKIE: Pages vues, donn\u00e9es techniques du navigateur et de l\u2019outil utilis\u00e9 pour se connecter au site.<\/td>\n<\/tr>\n<tr>\n<td><a href=\"https:\/\/developers.google.com\/analytics\/devguides\/collection\/analyticsjs\/cookie-usage\" target=\"_blank\" rel=\"noopener noreferrer\">Google LLC<\/a><br \/>\n\u200b1600 Amphitheatre Parkway<br \/>\nMountain View, CA 94043<br \/>\nUSA<\/td>\n<td>Pays membres de l\u2019Union<br \/>\nEurop\u00e9enne &amp; USA<\/td>\n<td>Analyses statistiques (Google Analytics), m\u00e9dias sociaux (Google+), Google fonts<\/td>\n<td>COOKIE: Pages vues, clics, donn\u00e9es techniques du navigateur et de l\u2019outil utilis\u00e9 pour se connecter au site.<\/td>\n<\/tr>\n<tr>\n<td><a href=\"https:\/\/www.linkedin.com\/legal\/privacy-policy\" target=\"_blank\" rel=\"noopener noreferrer\">LinkedIn Ireland Unlimited Company<\/a><br \/>\nWilton Plaza, Wilton Pl, Grand Canal Dock<br \/>\nDublin 2, Irlande<\/td>\n<td>Pays membres de l\u2019Union Europ\u00e9enne<\/td>\n<td>M\u00e9dia social<\/td>\n<td>COOKIE: Pages vues, donn\u00e9es techniques du navigateur et de l\u2019outil utilis\u00e9 pour se connecter au site.<\/td>\n<\/tr>\n<tr>\n<td><a href=\"https:\/\/twitter.com\/fr\/privacy\" target=\"_blank\" rel=\"noopener noreferrer\">PayPal \u00a0(Europe) S.\u00e0 r.l. et Cie, S.C.A.<\/a><br \/>\n22-24 Boulevard Royal<br \/>\n2449 Luxembourg<\/td>\n<td>Pays membres de l\u2019Union<br \/>\nEurop\u00e9enne<\/td>\n<td>Paiement en ligne<\/td>\n<td>Les donn\u00e9es renseign\u00e9es lors du paiement en ligne.<\/td>\n<\/tr>\n<tr>\n<td><a href=\"https:\/\/twitter.com\/fr\/privacy\" target=\"_blank\" rel=\"noopener noreferrer\">Twitter International Company<\/a><br \/>\nOne Cumberland Place Fenian Street<br \/>\nDublin 2, D02 AX07<\/td>\n<td>Tous les pays<\/td>\n<td>M\u00e9dia social<\/td>\n<td>COOKIE: Pages vues, donn\u00e9es techniques du navigateur et de l\u2019outil utilis\u00e9 pour se connecter au site.<\/td>\n<\/tr>\n<\/tbody>\n<\/table>\n<\/div>\n<h2>Vos droits<\/h2>\n<p>Conform\u00e9ment au r\u00e8glement (UE) 2016\/679 relatif \u00e0 la protection des personnes physiques \u00e0 l&#8217;\u00e9gard du traitement des donn\u00e9es \u00e0 caract\u00e8re personnel et \u00e0 la libre circulation de ces donn\u00e9es, vous b\u00e9n\u00e9ficiez d\u2019un droit d\u2019acc\u00e8s, de rectification et le cas \u00e9ch\u00e9ant d\u2019effacement des informations vous concernant. Vous disposez \u00e9galement du droit de retirer votre consentement \u00e0 tout moment et, pour des motifs l\u00e9gitimes, du droit de vous opposer au traitement de vos donn\u00e9es.<\/p>\n<p>Veuillez noter que certains des droits ci-dessus \u00e9nonc\u00e9s peuvent \u00eatre limit\u00e9s lorsque nous avons un int\u00e9r\u00eat sup\u00e9rieur ou une obligation l\u00e9gale de continuer \u00e0 traiter les donn\u00e9es.<\/p>\n<p>Si vous souhaitez exercer ces droits, veuillez vous adresser au responsable du traitement des donn\u00e9es suivant les coordonn\u00e9es indiqu\u00e9es dans le formulaire.<\/p>\n<p>Vous avez \u00e9galement la possibilit\u00e9 d\u2019introduire une r\u00e9clamation aupr\u00e8s de la <a href=\"https:\/\/cnpd.public.lu\/\" target=\"_blank\" rel=\"noopener noreferrer\">Commission nationale pour la protection des donn\u00e9es<\/a> ayant son si\u00e8ge \u00e0 1 Avenue du Rock&#8217;n&#8217;Roll, L-4361 Esch-sur-Alzette.<\/p>\n<div><\/div>\n","protected":false},"excerpt":{"rendered":"<p>POLITIQUE DE CONFIDENTIALIT\u00c9 Nous prenons tr\u00e8s au s\u00e9rieux le respect de votre vie priv\u00e9e et la confidentialit\u00e9 des donn\u00e9es que nous sommes amen\u00e9s \u00e0 traiter dans le cadre de notre activit\u00e9. Notre politique de confidentialit\u00e9 s\u2019applique aux visiteurs de notre site internet www.castle-vianden.lu Responsable du traitement des donn\u00e9es Le responsable du traitement des donn\u00e9es, d\u00e9signe&hellip;<\/p>\n","protected":false},"author":1,"featured_media":0,"parent":0,"menu_order":0,"comment_status":"closed","ping_status":"closed","template":"","meta":{"footnotes":""},"class_list":["post-58063","page","type-page","status-publish","hentry","description-off"],"translation":{"provider":"WPGlobus","version":"3.0.0","language":"nl","enabled_languages":["de","fr","gb","nl"],"languages":{"de":{"title":true,"content":true,"excerpt":false},"fr":{"title":true,"content":true,"excerpt":false},"gb":{"title":true,"content":true,"excerpt":false},"nl":{"title":true,"content":true,"excerpt":false}}},"_links":{"self":[{"href":"https:\/\/castle-vianden.lu\/nl\/wp-json\/wp\/v2\/pages\/58063","targetHints":{"allow":["GET"]}}],"collection":[{"href":"https:\/\/castle-vianden.lu\/nl\/wp-json\/wp\/v2\/pages"}],"about":[{"href":"https:\/\/castle-vianden.lu\/nl\/wp-json\/wp\/v2\/types\/page"}],"author":[{"embeddable":true,"href":"https:\/\/castle-vianden.lu\/nl\/wp-json\/wp\/v2\/users\/1"}],"replies":[{"embeddable":true,"href":"https:\/\/castle-vianden.lu\/nl\/wp-json\/wp\/v2\/comments?post=58063"}],"version-history":[{"count":9,"href":"https:\/\/castle-vianden.lu\/nl\/wp-json\/wp\/v2\/pages\/58063\/revisions"}],"predecessor-version":[{"id":58197,"href":"https:\/\/castle-vianden.lu\/nl\/wp-json\/wp\/v2\/pages\/58063\/revisions\/58197"}],"wp:attachment":[{"href":"https:\/\/castle-vianden.lu\/nl\/wp-json\/wp\/v2\/media?parent=58063"}],"curies":[{"name":"wp","href":"https:\/\/api.w.org\/{rel}","templated":true}]}}